{"id":150,"date":"2018-12-28T18:12:01","date_gmt":"2018-12-28T18:12:01","guid":{"rendered":"http:\/\/toldosmarina.com\/?page_id=150"},"modified":"2019-01-16T18:28:01","modified_gmt":"2019-01-16T18:28:01","slug":"toldos-para-balcon-y-ventana","status":"publish","type":"page","link":"https:\/\/toldosmarina.com\/index.php\/toldos-para-balcon-y-ventana\/","title":{"rendered":"Toldos  para  Balc\u00f3n y Ventana"},"content":{"rendered":"\n<p><\/p>\n\n\n\n<figure class=\"wp-block-image\"><img loading=\"lazy\" decoding=\"async\" width=\"1024\" height=\"768\" src=\"http:\/\/toldosmarina.com\/wp-content\/uploads\/2019\/01\/P1000895-1024x768.jpg\" alt=\"\" class=\"wp-image-304\" srcset=\"https:\/\/toldosmarina.com\/wp-content\/uploads\/2019\/01\/P1000895-1024x768.jpg 1024w, https:\/\/toldosmarina.com\/wp-content\/uploads\/2019\/01\/P1000895-300x225.jpg 300w, https:\/\/toldosmarina.com\/wp-content\/uploads\/2019\/01\/P1000895-768x576.jpg 768w\" sizes=\"auto, (max-width: 1024px) 100vw, 1024px\" \/><figcaption><br><br><br><\/figcaption><\/figure>\n\n\n\n<p>El modelo Microbox es el m\u00e1ximo exponente de toldo de brazos de punto recto con cofre, lo que aporta una total autoprotecci\u00f3n de la lona. Est\u00e1 especialmente concebido para su instalaci\u00f3n en ventanas debido a su facilidad de montaje gracias a sus soportes m\u00f3viles.<\/p>\n\n\n\n<p><\/p>\n\n\n\n<h2 class=\"wp-block-heading\">Dimensiones (mm)<\/h2>\n\n\n\n<figure class=\"wp-block-image\"><img decoding=\"async\" src=\"https:\/\/www.toldoslaestrella.com\/wp-content\/uploads\/2015\/11\/Toldo-Microbox-300-Dimensiones1.jpg\" alt=\"Dimensiones del Toldo Microbox 300\"\/><figcaption><br><br><br><\/figcaption><\/figure>\n\n\n\n<figure class=\"wp-block-image\"><img loading=\"lazy\" decoding=\"async\" width=\"1024\" height=\"768\" src=\"http:\/\/toldosmarina.com\/wp-content\/uploads\/2019\/01\/P1000884-1024x768.jpg\" alt=\"\" class=\"wp-image-305\" srcset=\"https:\/\/toldosmarina.com\/wp-content\/uploads\/2019\/01\/P1000884-1024x768.jpg 1024w, https:\/\/toldosmarina.com\/wp-content\/uploads\/2019\/01\/P1000884-300x225.jpg 300w, https:\/\/toldosmarina.com\/wp-content\/uploads\/2019\/01\/P1000884-768x576.jpg 768w\" sizes=\"auto, (max-width: 1024px) 100vw, 1024px\" \/><figcaption><br><br><br><\/figcaption><\/figure>\n\n\n\n<p>El toldo de punto recto modelo Luna ART es un sistema especialmente concebido para balcones y establecimientos comerciales. Su sistema de inclinaci\u00f3n regulable (180\u00ba), ofrece una protecci\u00f3n solar \u00f3ptima adaptada a todos los momentos del a\u00f1o.<\/p>\n\n\n\n<p><\/p>\n\n\n\n<h2 class=\"wp-block-heading\">Dimensiones (mm)<\/h2>\n\n\n\n<figure class=\"wp-block-image\"><img decoding=\"async\" src=\"https:\/\/www.toldoslaestrella.com\/wp-content\/uploads\/2015\/11\/Toldo-Luna-Arta-Dimensiones.jpg\" alt=\"Dimensiones del Toldo Luna Art\"\/><figcaption><br><br><br><\/figcaption><\/figure>\n\n\n\n<figure class=\"wp-block-image\"><img loading=\"lazy\" decoding=\"async\" width=\"1024\" height=\"768\" src=\"http:\/\/toldosmarina.com\/wp-content\/uploads\/2019\/01\/P8050003-1024x768.jpg\" alt=\"\" class=\"wp-image-386\" srcset=\"https:\/\/toldosmarina.com\/wp-content\/uploads\/2019\/01\/P8050003-1024x768.jpg 1024w, https:\/\/toldosmarina.com\/wp-content\/uploads\/2019\/01\/P8050003-300x225.jpg 300w, https:\/\/toldosmarina.com\/wp-content\/uploads\/2019\/01\/P8050003-768x576.jpg 768w\" sizes=\"auto, (max-width: 1024px) 100vw, 1024px\" \/><\/figure>\n","protected":false},"excerpt":{"rendered":"<p>El modelo Microbox es el m\u00e1ximo exponente de toldo de brazos de punto recto con cofre, lo que aporta una total autoprotecci\u00f3n de la lona. Est\u00e1 especialmente concebido para su instalaci\u00f3n en ventanas debido a su facilidad de montaje gracias a sus soportes m\u00f3viles. Dimensiones (mm) El toldo de punto recto modelo Luna ART es [&hellip;]<\/p>\n","protected":false},"author":4,"featured_media":0,"parent":0,"menu_order":0,"comment_status":"closed","ping_status":"closed","template":"","meta":{"footnotes":""},"class_list":["post-150","page","type-page","status-publish","hentry"],"_links":{"self":[{"href":"https:\/\/toldosmarina.com\/index.php\/wp-json\/wp\/v2\/pages\/150","targetHints":{"allow":["GET"]}}],"collection":[{"href":"https:\/\/toldosmarina.com\/index.php\/wp-json\/wp\/v2\/pages"}],"about":[{"href":"https:\/\/toldosmarina.com\/index.php\/wp-json\/wp\/v2\/types\/page"}],"author":[{"embeddable":true,"href":"https:\/\/toldosmarina.com\/index.php\/wp-json\/wp\/v2\/users\/4"}],"replies":[{"embeddable":true,"href":"https:\/\/toldosmarina.com\/index.php\/wp-json\/wp\/v2\/comments?post=150"}],"version-history":[{"count":8,"href":"https:\/\/toldosmarina.com\/index.php\/wp-json\/wp\/v2\/pages\/150\/revisions"}],"predecessor-version":[{"id":551,"href":"https:\/\/toldosmarina.com\/index.php\/wp-json\/wp\/v2\/pages\/150\/revisions\/551"}],"wp:attachment":[{"href":"https:\/\/toldosmarina.com\/index.php\/wp-json\/wp\/v2\/media?parent=150"}],"curies":[{"name":"wp","href":"https:\/\/api.w.org\/{rel}","templated":true}]}}