{"id":152,"date":"2018-12-28T18:12:21","date_gmt":"2018-12-28T18:12:21","guid":{"rendered":"http:\/\/toldosmarina.com\/?page_id=152"},"modified":"2019-01-15T18:46:15","modified_gmt":"2019-01-15T18:46:15","slug":"toldos-para-terraza-y-jardin","status":"publish","type":"page","link":"https:\/\/toldosmarina.com\/index.php\/toldos-para-terraza-y-jardin\/","title":{"rendered":"Toldos para Terraza y Jard\u00edn"},"content":{"rendered":"\n<figure class=\"wp-block-image\"><img loading=\"lazy\" decoding=\"async\" width=\"1024\" height=\"768\" src=\"http:\/\/toldosmarina.com\/wp-content\/uploads\/2019\/01\/P1010360-1024x768.jpg\" alt=\"\" class=\"wp-image-308\" srcset=\"https:\/\/toldosmarina.com\/wp-content\/uploads\/2019\/01\/P1010360-1024x768.jpg 1024w, https:\/\/toldosmarina.com\/wp-content\/uploads\/2019\/01\/P1010360-300x225.jpg 300w, https:\/\/toldosmarina.com\/wp-content\/uploads\/2019\/01\/P1010360-768x576.jpg 768w\" sizes=\"auto, (max-width: 1024px) 100vw, 1024px\" \/><figcaption><br><\/figcaption><\/figure>\n\n\n\n<p>Toldo con sistema cofre que se distingue especialmente por su versatilidad y adaptabilidad a multitud de aplicaciones, gracias a sus posibilidades de fijaci\u00f3n y a la facilidad  e instalaci\u00f3n que se consigue con sus soportes.<\/p>\n\n\n\n<h2 class=\"wp-block-heading\">Dimensiones (mm)<\/h2>\n\n\n\n<figure class=\"wp-block-image\"><img decoding=\"async\" src=\"https:\/\/www.toldoslaestrella.com\/wp-content\/uploads\/2015\/11\/Toldo-Cofre-Storbox-300-Dimensiones.jpg\" alt=\"Dimensiones del Toldo Cofre Storbox 300\"\/><figcaption><br><br><br><br><br><\/figcaption><\/figure>\n\n\n\n<figure class=\"wp-block-image\"><img loading=\"lazy\" decoding=\"async\" width=\"1024\" height=\"768\" src=\"http:\/\/toldosmarina.com\/wp-content\/uploads\/2019\/01\/P1000636-1024x768.jpg\" alt=\"\" class=\"wp-image-383\" srcset=\"https:\/\/toldosmarina.com\/wp-content\/uploads\/2019\/01\/P1000636-1024x768.jpg 1024w, https:\/\/toldosmarina.com\/wp-content\/uploads\/2019\/01\/P1000636-300x225.jpg 300w, https:\/\/toldosmarina.com\/wp-content\/uploads\/2019\/01\/P1000636-768x576.jpg 768w\" sizes=\"auto, (max-width: 1024px) 100vw, 1024px\" \/><figcaption><br><\/figcaption><\/figure>\n\n\n\n<p>Toldos de brazos extensibles que representan una soluci\u00f3n id\u00f3nea para espacios de medianas-grandes dimensiones. Ambos incorporan los robustos y funcionales soportes modelo Complet, garantizando una adaptaci\u00f3n perfecta a la mayor\u00eda de espacios.<\/p>\n\n\n\n<h2 class=\"wp-block-heading\">Dimensiones (mm)<\/h2>\n\n\n\n<figure class=\"wp-block-image\"><img decoding=\"async\" src=\"https:\/\/www.toldoslaestrella.com\/wp-content\/uploads\/2015\/11\/toldo-art-350-parte-i-2017.jpg\" alt=\"Dimensiones del Toldo ART 350\"\/><figcaption><br><br><br><br><br><br><\/figcaption><\/figure>\n\n\n\n<figure class=\"wp-block-image\"><img loading=\"lazy\" decoding=\"async\" width=\"721\" height=\"372\" src=\"http:\/\/toldosmarina.com\/wp-content\/uploads\/2019\/01\/principal-duox-toldo-doble1.jpg\" alt=\"\" class=\"wp-image-363\" srcset=\"https:\/\/toldosmarina.com\/wp-content\/uploads\/2019\/01\/principal-duox-toldo-doble1.jpg 721w, https:\/\/toldosmarina.com\/wp-content\/uploads\/2019\/01\/principal-duox-toldo-doble1-300x155.jpg 300w\" sizes=\"auto, (max-width: 721px) 100vw, 721px\" \/><figcaption><br><\/figcaption><\/figure>\n\n\n\n<p>El Toldo Doble D\u00faox es el nuevo toldo con estructura independiente a dos aguas autoportante con brazos articulados.<br>Incorpora un protector de lona Texpro que aporta mayor durabilidad y belleza al toldo. <\/p>\n\n\n\n<p><\/p>\n\n\n\n<p><\/p>\n\n\n\n<figure class=\"wp-block-image\"><img loading=\"lazy\" decoding=\"async\" width=\"1024\" height=\"768\" src=\"http:\/\/toldosmarina.com\/wp-content\/uploads\/2019\/01\/IMG_20180505_115200-1024x768.jpg\" alt=\"\" class=\"wp-image-509\" srcset=\"https:\/\/toldosmarina.com\/wp-content\/uploads\/2019\/01\/IMG_20180505_115200-1024x768.jpg 1024w, https:\/\/toldosmarina.com\/wp-content\/uploads\/2019\/01\/IMG_20180505_115200-300x225.jpg 300w, https:\/\/toldosmarina.com\/wp-content\/uploads\/2019\/01\/IMG_20180505_115200-768x576.jpg 768w\" sizes=\"auto, (max-width: 1024px) 100vw, 1024px\" \/><\/figure>\n\n\n\n<p>Modelos de brazos extensibles pensados para dar respuesta a la problem\u00e1tica que plantean las grandes instalaciones. El sistema Monobloc se monta sobre una barra cuadrada de 40\u00d740 mm sobre la que se pueden ir a\u00f1adiendo soportes y brazos en funci\u00f3n de la medida total desea.<\/p>\n\n\n\n<figure class=\"wp-block-image\"><img decoding=\"async\" src=\"https:\/\/www.toldoslaestrella.com\/wp-content\/uploads\/2015\/11\/monobloc-splendor-400-plus-dimensiones-1-2017.jpg\" alt=\"Dimensiones del Toldo Monobloc Art 350\"\/><\/figure>\n","protected":false},"excerpt":{"rendered":"<p>Toldo con sistema cofre que se distingue especialmente por su versatilidad y adaptabilidad a multitud de aplicaciones, gracias a sus posibilidades de fijaci\u00f3n y a la facilidad e instalaci\u00f3n que se consigue con sus soportes. Dimensiones (mm) Toldos de brazos extensibles que representan una soluci\u00f3n id\u00f3nea para espacios de medianas-grandes dimensiones. Ambos incorporan los robustos [&hellip;]<\/p>\n","protected":false},"author":4,"featured_media":0,"parent":0,"menu_order":0,"comment_status":"closed","ping_status":"closed","template":"","meta":{"footnotes":""},"class_list":["post-152","page","type-page","status-publish","hentry"],"_links":{"self":[{"href":"https:\/\/toldosmarina.com\/index.php\/wp-json\/wp\/v2\/pages\/152","targetHints":{"allow":["GET"]}}],"collection":[{"href":"https:\/\/toldosmarina.com\/index.php\/wp-json\/wp\/v2\/pages"}],"about":[{"href":"https:\/\/toldosmarina.com\/index.php\/wp-json\/wp\/v2\/types\/page"}],"author":[{"embeddable":true,"href":"https:\/\/toldosmarina.com\/index.php\/wp-json\/wp\/v2\/users\/4"}],"replies":[{"embeddable":true,"href":"https:\/\/toldosmarina.com\/index.php\/wp-json\/wp\/v2\/comments?post=152"}],"version-history":[{"count":7,"href":"https:\/\/toldosmarina.com\/index.php\/wp-json\/wp\/v2\/pages\/152\/revisions"}],"predecessor-version":[{"id":510,"href":"https:\/\/toldosmarina.com\/index.php\/wp-json\/wp\/v2\/pages\/152\/revisions\/510"}],"wp:attachment":[{"href":"https:\/\/toldosmarina.com\/index.php\/wp-json\/wp\/v2\/media?parent=152"}],"curies":[{"name":"wp","href":"https:\/\/api.w.org\/{rel}","templated":true}]}}