{"id":154,"date":"2018-12-28T18:12:35","date_gmt":"2018-12-28T18:12:35","guid":{"rendered":"http:\/\/toldosmarina.com\/?page_id=154"},"modified":"2019-01-14T18:54:58","modified_gmt":"2019-01-14T18:54:58","slug":"pergolas-y-verandas","status":"publish","type":"page","link":"https:\/\/toldosmarina.com\/index.php\/pergolas-y-verandas\/","title":{"rendered":"P\u00e9rgolas  y  Verandas"},"content":{"rendered":"\n<figure class=\"wp-block-image\"><img loading=\"lazy\" decoding=\"async\" width=\"1024\" height=\"768\" src=\"http:\/\/toldosmarina.com\/wp-content\/uploads\/2019\/01\/IMG_20180706_125947-1024x768.jpg\" alt=\"\" class=\"wp-image-453\" srcset=\"https:\/\/toldosmarina.com\/wp-content\/uploads\/2019\/01\/IMG_20180706_125947-1024x768.jpg 1024w, https:\/\/toldosmarina.com\/wp-content\/uploads\/2019\/01\/IMG_20180706_125947-300x225.jpg 300w, https:\/\/toldosmarina.com\/wp-content\/uploads\/2019\/01\/IMG_20180706_125947-768x576.jpg 768w\" sizes=\"auto, (max-width: 1024px) 100vw, 1024px\" \/><\/figure>\n\n\n\n<p>El toldo plano con perfiler\u00eda 80 \u00d7 40 mm , 90 x 96 mm o 125 x 125 mm est\u00e1 totalmente fabricado en aluminio lacado y torniller\u00eda de acero inoxidable. Est\u00e1 especialmente indicado para instalaciones de hasta un m\u00e1ximo de 5,00 x 5,00 m con un s\u00f3lo m\u00f3dulo, pero se pueden ir a\u00f1adiendo m\u00f3dulos hasta alcanzar las dimensiones deseadas.<br>Gracias a su modularidad se adapta a cualquier tipo de instalaci\u00f3n: entreparedes, porter\u00eda o glorieta.<br>El toldo plano  es motorizable. Con la motorizaci\u00f3n se gana en funcionalidad, confort y en seguridad, ya que tambi\u00e9n podemos proveer a la instalaci\u00f3n con automatismos que recojan el toldo en caso de viento intenso o lo extiendan cuando incida el sol. <\/p>\n\n\n\n<figure class=\"wp-block-image\"><img loading=\"lazy\" decoding=\"async\" width=\"1024\" height=\"683\" src=\"http:\/\/toldosmarina.com\/wp-content\/uploads\/2019\/01\/verastor-2-1024x683.jpg\" alt=\"\" class=\"wp-image-313\" srcset=\"https:\/\/toldosmarina.com\/wp-content\/uploads\/2019\/01\/verastor-2-1024x683.jpg 1024w, https:\/\/toldosmarina.com\/wp-content\/uploads\/2019\/01\/verastor-2-300x200.jpg 300w, https:\/\/toldosmarina.com\/wp-content\/uploads\/2019\/01\/verastor-2-768x512.jpg 768w\" sizes=\"auto, (max-width: 1024px) 100vw, 1024px\" \/><figcaption><br><\/figcaption><\/figure>\n\n\n\n<p>Veranda ha sido dise\u00f1ado para su aplicaci\u00f3n en cubiertas acristaladas, jardines de invierno, etc.<br>Su aplicaci\u00f3n por encima de los acristalamientos nos aporta una importante protecci\u00f3n solar, mejorando de manera importante el aislamiento t\u00e9rmico, repercutiendo esto directamente en el confort y la econom\u00eda de la climatizaci\u00f3n de las estancias.<br>La tensi\u00f3n de tejido se consigue gracias a sus dos efectivos pistones a gas que van ubicados en el interior de las gu\u00edas, los cuales aseguran el correcto desplazamiento del mismo en todo su recorrido, garantizando una durabilidad \u00f3ptima del conjunto.<br>Se puede combinar con la estructura de aluminio 80 x 40 o 125 x 125 para realizar instalaciones a modo de toldo plano, pero con las ventajas que conlleva un sistema motorizado con cofre para proteger y ocultar perfectamente el tejido. <\/p>\n\n\n\n<figure class=\"wp-block-image\"><img loading=\"lazy\" decoding=\"async\" width=\"1024\" height=\"768\" src=\"http:\/\/toldosmarina.com\/wp-content\/uploads\/2019\/01\/DSCN0480-1024x768.jpg\" alt=\"\" class=\"wp-image-389\" srcset=\"https:\/\/toldosmarina.com\/wp-content\/uploads\/2019\/01\/DSCN0480-1024x768.jpg 1024w, https:\/\/toldosmarina.com\/wp-content\/uploads\/2019\/01\/DSCN0480-300x225.jpg 300w, https:\/\/toldosmarina.com\/wp-content\/uploads\/2019\/01\/DSCN0480-768x576.jpg 768w\" sizes=\"auto, (max-width: 1024px) 100vw, 1024px\" \/><\/figure>\n","protected":false},"excerpt":{"rendered":"<p>El toldo plano con perfiler\u00eda 80 \u00d7 40 mm , 90 x 96 mm o 125 x 125 mm est\u00e1 totalmente fabricado en aluminio lacado y torniller\u00eda de acero inoxidable. Est\u00e1 especialmente indicado para instalaciones de hasta un m\u00e1ximo de 5,00 x 5,00 m con un s\u00f3lo m\u00f3dulo, pero se pueden ir a\u00f1adiendo m\u00f3dulos hasta [&hellip;]<\/p>\n","protected":false},"author":4,"featured_media":0,"parent":0,"menu_order":0,"comment_status":"closed","ping_status":"closed","template":"","meta":{"footnotes":""},"class_list":["post-154","page","type-page","status-publish","hentry"],"_links":{"self":[{"href":"https:\/\/toldosmarina.com\/index.php\/wp-json\/wp\/v2\/pages\/154","targetHints":{"allow":["GET"]}}],"collection":[{"href":"https:\/\/toldosmarina.com\/index.php\/wp-json\/wp\/v2\/pages"}],"about":[{"href":"https:\/\/toldosmarina.com\/index.php\/wp-json\/wp\/v2\/types\/page"}],"author":[{"embeddable":true,"href":"https:\/\/toldosmarina.com\/index.php\/wp-json\/wp\/v2\/users\/4"}],"replies":[{"embeddable":true,"href":"https:\/\/toldosmarina.com\/index.php\/wp-json\/wp\/v2\/comments?post=154"}],"version-history":[{"count":9,"href":"https:\/\/toldosmarina.com\/index.php\/wp-json\/wp\/v2\/pages\/154\/revisions"}],"predecessor-version":[{"id":476,"href":"https:\/\/toldosmarina.com\/index.php\/wp-json\/wp\/v2\/pages\/154\/revisions\/476"}],"wp:attachment":[{"href":"https:\/\/toldosmarina.com\/index.php\/wp-json\/wp\/v2\/media?parent=154"}],"curies":[{"name":"wp","href":"https:\/\/api.w.org\/{rel}","templated":true}]}}