{"id":156,"date":"2018-12-28T18:13:16","date_gmt":"2018-12-28T18:13:16","guid":{"rendered":"http:\/\/toldosmarina.com\/?page_id=156"},"modified":"2019-01-22T18:10:02","modified_gmt":"2019-01-22T18:10:02","slug":"cerramientos","status":"publish","type":"page","link":"https:\/\/toldosmarina.com\/index.php\/cerramientos\/","title":{"rendered":"Cerramientos"},"content":{"rendered":"\n<figure class=\"wp-block-image\"><img loading=\"lazy\" decoding=\"async\" width=\"768\" height=\"1024\" src=\"http:\/\/toldosmarina.com\/wp-content\/uploads\/2019\/01\/IMG_20190122_114449-768x1024.jpg\" alt=\"\" class=\"wp-image-570\" srcset=\"https:\/\/toldosmarina.com\/wp-content\/uploads\/2019\/01\/IMG_20190122_114449-768x1024.jpg 768w, https:\/\/toldosmarina.com\/wp-content\/uploads\/2019\/01\/IMG_20190122_114449-225x300.jpg 225w\" sizes=\"auto, (max-width: 768px) 100vw, 768px\" \/><\/figure>\n\n\n\n<figure class=\"wp-block-image\"><img loading=\"lazy\" decoding=\"async\" width=\"1024\" height=\"768\" src=\"http:\/\/toldosmarina.com\/wp-content\/uploads\/2019\/01\/IMG_20180602_124037-1024x768.jpg\" alt=\"\" class=\"wp-image-451\" srcset=\"https:\/\/toldosmarina.com\/wp-content\/uploads\/2019\/01\/IMG_20180602_124037-1024x768.jpg 1024w, https:\/\/toldosmarina.com\/wp-content\/uploads\/2019\/01\/IMG_20180602_124037-300x225.jpg 300w, https:\/\/toldosmarina.com\/wp-content\/uploads\/2019\/01\/IMG_20180602_124037-768x576.jpg 768w\" sizes=\"auto, (max-width: 1024px) 100vw, 1024px\" \/><\/figure>\n\n\n\n<p>El modelo Cortavientos es un toldo vertical con gu\u00edas laterales de aluminio que se acopla a la perfecci\u00f3n a la estructura de los toldos planos en todas sus opciones (80\u00d740, 125\u00d7125, Elit Cenador, Pergo Rain\u2026); as\u00ed como en huecos entre columnas (porches, terrazas\u2026).<br>Supone una soluci\u00f3n muy eficaz a la hora de cerrar perimetralmente una instalaci\u00f3n, aportando un alto nivel de protecci\u00f3n e intimidad.<br>Al toldo Cortavientos se le puede incorporar el Cofre 125, consiguiendo un resultado muy est\u00e9tico y de m\u00e1xima protecci\u00f3n para el tejido. El Cofre 125 se integra a la perfecci\u00f3n con la estructura de toldo plano 125\u00d7125 y con el Pergo Rain.<\/p>\n\n\n\n<figure class=\"wp-block-image\"><img decoding=\"async\" src=\"https:\/\/www.toldoslaestrella.com\/wp-content\/uploads\/2015\/12\/Toldo-Bip-Screen.jpg\" alt=\"Toldo BIP-SCREEN\"\/><figcaption><br><\/figcaption><\/figure>\n\n\n\n<p>La arquitectura moderna ha propiciado el uso de toldos verticales para proteger las fachadas de la luz solar y de condiciones meteorol\u00f3gicas como el viento o la lluvia.<br>Los toldos verticales exteriores requieren de sistemas que aseguren que la lona no se salga de su sistema de guiado.<br>Bip-Screen es una soluci\u00f3n innovadora que se adapta perfectamente a cualquier tipo de instalaci\u00f3n y adem\u00e1s aporta una mayor resistencia y rendimiento al producto.<\/p>\n\n\n\n<figure class=\"wp-block-image\"><img loading=\"lazy\" decoding=\"async\" width=\"1024\" height=\"768\" src=\"http:\/\/toldosmarina.com\/wp-content\/uploads\/2019\/01\/P1010151-1024x768.jpg\" alt=\"\" class=\"wp-image-392\" srcset=\"https:\/\/toldosmarina.com\/wp-content\/uploads\/2019\/01\/P1010151-1024x768.jpg 1024w, https:\/\/toldosmarina.com\/wp-content\/uploads\/2019\/01\/P1010151-300x225.jpg 300w, https:\/\/toldosmarina.com\/wp-content\/uploads\/2019\/01\/P1010151-768x576.jpg 768w\" sizes=\"auto, (max-width: 1024px) 100vw, 1024px\" \/><figcaption><br><\/figcaption><\/figure>\n\n\n\n<p>La&nbsp;cortina vertical corredera es otro de los&nbsp;sistema de&nbsp;toldo para cerramientos, siendo el sistema m\u00e1s antiguo y a su vez&nbsp;el m\u00e1s econ\u00f3mico para cubrir balcones, porches o otras zonas. Consta de un riel anclado en el techo, por el cual discurre la cortina por medio de unas poleas con ruedas de nylon. <\/p>\n","protected":false},"excerpt":{"rendered":"<p>El modelo Cortavientos es un toldo vertical con gu\u00edas laterales de aluminio que se acopla a la perfecci\u00f3n a la estructura de los toldos planos en todas sus opciones (80\u00d740, 125\u00d7125, Elit Cenador, Pergo Rain\u2026); as\u00ed como en huecos entre columnas (porches, terrazas\u2026).Supone una soluci\u00f3n muy eficaz a la hora de cerrar perimetralmente una instalaci\u00f3n, [&hellip;]<\/p>\n","protected":false},"author":4,"featured_media":0,"parent":0,"menu_order":0,"comment_status":"closed","ping_status":"closed","template":"","meta":{"footnotes":""},"class_list":["post-156","page","type-page","status-publish","hentry"],"_links":{"self":[{"href":"https:\/\/toldosmarina.com\/index.php\/wp-json\/wp\/v2\/pages\/156","targetHints":{"allow":["GET"]}}],"collection":[{"href":"https:\/\/toldosmarina.com\/index.php\/wp-json\/wp\/v2\/pages"}],"about":[{"href":"https:\/\/toldosmarina.com\/index.php\/wp-json\/wp\/v2\/types\/page"}],"author":[{"embeddable":true,"href":"https:\/\/toldosmarina.com\/index.php\/wp-json\/wp\/v2\/users\/4"}],"replies":[{"embeddable":true,"href":"https:\/\/toldosmarina.com\/index.php\/wp-json\/wp\/v2\/comments?post=156"}],"version-history":[{"count":11,"href":"https:\/\/toldosmarina.com\/index.php\/wp-json\/wp\/v2\/pages\/156\/revisions"}],"predecessor-version":[{"id":571,"href":"https:\/\/toldosmarina.com\/index.php\/wp-json\/wp\/v2\/pages\/156\/revisions\/571"}],"wp:attachment":[{"href":"https:\/\/toldosmarina.com\/index.php\/wp-json\/wp\/v2\/media?parent=156"}],"curies":[{"name":"wp","href":"https:\/\/api.w.org\/{rel}","templated":true}]}}