{"id":173,"date":"2018-12-28T18:16:37","date_gmt":"2018-12-28T18:16:37","guid":{"rendered":"http:\/\/toldosmarina.com\/?page_id=173"},"modified":"2019-01-08T09:02:37","modified_gmt":"2019-01-08T09:02:37","slug":"motorizacion","status":"publish","type":"page","link":"https:\/\/toldosmarina.com\/index.php\/motorizacion\/","title":{"rendered":"Motorizaci\u00f3n"},"content":{"rendered":"\n<div class=\"wp-block-image\"><figure class=\"alignleft\"><img decoding=\"async\" src=\"https:\/\/www.toldoslaestrella.com\/wp-content\/uploads\/2015\/09\/accionamiento-motorizado.jpg\" alt=\"accionamiento-motorizado\" class=\"wp-image-2319\"\/><\/figure><\/div>\n\n\n\n<p><\/p>\n\n\n\n<p><\/p>\n\n\n\n<p><strong>Cualquier toldo se puede motorizar<\/strong>&nbsp;mediante una operaci\u00f3n muy sencilla, inluso si el toldo ya est\u00e1 instalado y funciona con manivela (Accionamiento manual). Los motores son de tipo tubular y&nbsp;<strong>se integran en el tubo de enrolle<\/strong>&nbsp;del toldo. Pueden ser&nbsp;<strong>accionados<\/strong>&nbsp;desde un punto de&nbsp;<strong>mando<\/strong>&nbsp;(tipo interruptor o mando a distancia), o desde un&nbsp;<strong>automatismo&nbsp;<\/strong>(sensor de viento y\/o sol).<\/p>\n\n\n\n<p><\/p>\n\n\n\n<p>.<\/p>\n\n\n\n<p><\/p>\n\n\n\n<p><\/p>\n\n\n\n<p><\/p>\n\n\n\n<p><\/p>\n\n\n\n<figure class=\"wp-block-image\"><img decoding=\"async\" src=\"https:\/\/www.toldoslaestrella.com\/wp-content\/uploads\/2015\/09\/motorizacion-comodidad.jpg\" alt=\"Comodidad\"\/><\/figure>\n\n\n\n<p><strong>Comodidad<\/strong>: Disfrute de la comodidad del mando a distancia y accione el toldo sin moverse del asiento o del interior de su vivienda.<\/p>\n\n\n\n<figure class=\"wp-block-image\"><img decoding=\"async\" src=\"https:\/\/www.toldoslaestrella.com\/wp-content\/uploads\/2015\/09\/motorizacion-proteccion.jpg\" alt=\"Protecci\u00f3n\"\/><\/figure>\n\n\n\n<p><strong>Protecci\u00f3n:&nbsp;<\/strong>Proteja su hogar del sol y del calor de manera totalmente autom\u00e1tica, ahora es posible gracias al sensor de sol.<\/p>\n\n\n\n<figure class=\"wp-block-image\"><img decoding=\"async\" src=\"https:\/\/www.toldoslaestrella.com\/wp-content\/uploads\/2015\/09\/motorizacion-seguridad.jpg\" alt=\"Seguridad\"\/><\/figure>\n\n\n\n<p><strong>Seguridad<\/strong>: El movimiento suave del motor alarga la vida del toldo. Adem\u00e1s, puede protegerlo de las inclemencias meteorol\u00f3gicas con diversos automatismos.<\/p>\n\n\n\n<figure class=\"wp-block-image\"><img decoding=\"async\" src=\"https:\/\/www.toldoslaestrella.com\/wp-content\/uploads\/2015\/09\/motorizacion-aprovechamiento.jpg\" alt=\"Aprovechamiento\"\/><\/figure>\n\n\n\n<p><strong>Aprovechamiento<\/strong>: Dada su comodidad de uso, el toldo motorizado lo utilizar\u00e1 con m\u00e1s frecuencia y disfrutar\u00e1 plenamente de sus prestaciones.<\/p>\n\n\n\n<p><\/p>\n\n\n\n<p><\/p>\n\n\n\n<h3 class=\"wp-block-heading\">Tecnolog\u00eda.<\/h3>\n\n\n\n<figure class=\"wp-block-image\"><a href=\"https:\/\/www.toldoslaestrella.com\/motorizacion\/io-homecontrol\"><img decoding=\"async\" src=\"https:\/\/www.toldoslaestrella.com\/wp-content\/uploads\/2015\/09\/pos-io.jpg\" alt=\"io homecontrol\"\/><\/a><figcaption><br><br><\/figcaption><\/figure>\n\n\n\n<p>io-homecontrol<sup>\u00ae<\/sup>, la nueva tecnolog\u00eda en motorizaci\u00f3n y automatizaci\u00f3n para hacer su vida m\u00e1s agradable y c\u00f3moda. Simple de instalar y de usar y capaz de adaptarse a cada necesidad.<\/p>\n\n\n\n<p>io-homecontrol<sup>\u00ae<\/sup>&nbsp;permite a los usuarios acercarse a las \u00faltimas novedades tecnol\u00f3gicas en materia de confort, seguridad y ahorro energ\u00e9tico.<\/p>\n\n\n\n<p>io-homecontrol<sup>\u00ae<\/sup>&nbsp;permite el control de los motores y los diversos automatismos del hogar desde su m\u00f3vil o tablet a trav\u00e9s de los dispositivos TaHoma<sup>\u00ae<\/sup>&nbsp;y Connexoon<sup>\u00ae<\/sup>&nbsp;y sus respectivas aplicaciones.<\/p>\n\n\n\n<div class=\"wp-block-image\"><figure class=\"aligncenter\"><img decoding=\"async\" src=\"https:\/\/www.toldoslaestrella.com\/wp-content\/uploads\/2015\/11\/io-parte-1-2017.jpg\" alt=\"\" class=\"wp-image-2888\"\/><\/figure><\/div>\n\n\n\n<p>io-homecontrol<sup>\u00ae<\/sup>, pone al alcance un amplio cat\u00e1logo dee art\u00edculos para hacer la vida en su hogar mucho m\u00e1s c\u00f3moda y f\u00e1cil a trav\u00e9s de TaHoma<sup>\u00ae<\/sup>&nbsp;y su aplicaci\u00f3n: sensores de humo, control de luces, termostatos, sensores de temperatura, sensores de movimiento, enchufes, c\u00e1maras de interior y exterior\u2026 todos ellos f\u00e1cilmente controlables desde su m\u00f3vil o tablet vinculados al dispositivo TaHoma<sup>\u00ae<\/sup>.<\/p>\n\n\n\n<div class=\"wp-block-image\"><figure class=\"aligncenter\"><img decoding=\"async\" src=\"https:\/\/www.toldoslaestrella.com\/wp-content\/uploads\/2015\/11\/io-parte-2-2017.jpg\" alt=\"\" class=\"wp-image-2889\"\/><\/figure><\/div>\n\n\n\n<p><\/p>\n","protected":false},"excerpt":{"rendered":"<p>Cualquier toldo se puede motorizar&nbsp;mediante una operaci\u00f3n muy sencilla, inluso si el toldo ya est\u00e1 instalado y funciona con manivela (Accionamiento manual). Los motores son de tipo tubular y&nbsp;se integran en el tubo de enrolle&nbsp;del toldo. Pueden ser&nbsp;accionados&nbsp;desde un punto de&nbsp;mando&nbsp;(tipo interruptor o mando a distancia), o desde un&nbsp;automatismo&nbsp;(sensor de viento y\/o sol). . Comodidad: [&hellip;]<\/p>\n","protected":false},"author":4,"featured_media":0,"parent":0,"menu_order":0,"comment_status":"closed","ping_status":"closed","template":"","meta":{"footnotes":""},"class_list":["post-173","page","type-page","status-publish","hentry"],"_links":{"self":[{"href":"https:\/\/toldosmarina.com\/index.php\/wp-json\/wp\/v2\/pages\/173","targetHints":{"allow":["GET"]}}],"collection":[{"href":"https:\/\/toldosmarina.com\/index.php\/wp-json\/wp\/v2\/pages"}],"about":[{"href":"https:\/\/toldosmarina.com\/index.php\/wp-json\/wp\/v2\/types\/page"}],"author":[{"embeddable":true,"href":"https:\/\/toldosmarina.com\/index.php\/wp-json\/wp\/v2\/users\/4"}],"replies":[{"embeddable":true,"href":"https:\/\/toldosmarina.com\/index.php\/wp-json\/wp\/v2\/comments?post=173"}],"version-history":[{"count":8,"href":"https:\/\/toldosmarina.com\/index.php\/wp-json\/wp\/v2\/pages\/173\/revisions"}],"predecessor-version":[{"id":368,"href":"https:\/\/toldosmarina.com\/index.php\/wp-json\/wp\/v2\/pages\/173\/revisions\/368"}],"wp:attachment":[{"href":"https:\/\/toldosmarina.com\/index.php\/wp-json\/wp\/v2\/media?parent=173"}],"curies":[{"name":"wp","href":"https:\/\/api.w.org\/{rel}","templated":true}]}}