{"id":248,"date":"2018-12-28T18:51:57","date_gmt":"2018-12-28T18:51:57","guid":{"rendered":"http:\/\/toldosmarina.com\/?page_id=248"},"modified":"2019-01-17T18:01:00","modified_gmt":"2019-01-17T18:01:00","slug":"neolux","status":"publish","type":"page","link":"https:\/\/toldosmarina.com\/index.php\/neolux\/","title":{"rendered":"Neolux"},"content":{"rendered":"\n<figure class=\"wp-block-image\"><img loading=\"lazy\" decoding=\"async\" width=\"900\" height=\"583\" src=\"http:\/\/toldosmarina.com\/wp-content\/uploads\/2019\/01\/Neolux.jpg\" alt=\"\" class=\"wp-image-526\" srcset=\"https:\/\/toldosmarina.com\/wp-content\/uploads\/2019\/01\/Neolux.jpg 900w, https:\/\/toldosmarina.com\/wp-content\/uploads\/2019\/01\/Neolux-300x194.jpg 300w, https:\/\/toldosmarina.com\/wp-content\/uploads\/2019\/01\/Neolux-768x497.jpg 768w\" sizes=\"auto, (max-width: 900px) 100vw, 900px\" \/><\/figure>\n\n\n\n<p>Amplia visibilidad o total intimidad, dise\u00f1a la luz que acompa\u00f1a cada uno de tus momentos. Cortina con gran fuerza visual que dota tu espacio de personalida.<\/p>\n\n\n\n<h3 class=\"wp-block-heading\">CARACTER\u00cdSTICAS<\/h3>\n\n\n\n<p>Cortinas a medida.<\/p>\n\n\n\n<p>Doble funcionalidad en una misma cortina.<\/p>\n\n\n\n<p>15 colecciones de tejidos en 70 dise\u00f1os.<\/p>\n\n\n\n<h3 class=\"wp-block-heading\">BENEFICIOS<\/h3>\n\n\n\n<p>Se adaptan a tu hogar.<\/p>\n\n\n\n<p>Disfruta de visibilidad o intimidad, en sinton\u00eda con sus sensaciones.<\/p>\n\n\n\n<p>Aporta car\u00e1cter a tu hogar.<\/p>\n","protected":false},"excerpt":{"rendered":"<p>Amplia visibilidad o total intimidad, dise\u00f1a la luz que acompa\u00f1a cada uno de tus momentos. Cortina con gran fuerza visual que dota tu espacio de personalida. CARACTER\u00cdSTICAS Cortinas a medida. Doble funcionalidad en una misma cortina. 15 colecciones de tejidos en 70 dise\u00f1os. BENEFICIOS Se adaptan a tu hogar. Disfruta de visibilidad o intimidad, en [&hellip;]<\/p>\n","protected":false},"author":4,"featured_media":0,"parent":0,"menu_order":0,"comment_status":"closed","ping_status":"closed","template":"","meta":{"footnotes":""},"class_list":["post-248","page","type-page","status-publish","hentry"],"_links":{"self":[{"href":"https:\/\/toldosmarina.com\/index.php\/wp-json\/wp\/v2\/pages\/248","targetHints":{"allow":["GET"]}}],"collection":[{"href":"https:\/\/toldosmarina.com\/index.php\/wp-json\/wp\/v2\/pages"}],"about":[{"href":"https:\/\/toldosmarina.com\/index.php\/wp-json\/wp\/v2\/types\/page"}],"author":[{"embeddable":true,"href":"https:\/\/toldosmarina.com\/index.php\/wp-json\/wp\/v2\/users\/4"}],"replies":[{"embeddable":true,"href":"https:\/\/toldosmarina.com\/index.php\/wp-json\/wp\/v2\/comments?post=248"}],"version-history":[{"count":3,"href":"https:\/\/toldosmarina.com\/index.php\/wp-json\/wp\/v2\/pages\/248\/revisions"}],"predecessor-version":[{"id":560,"href":"https:\/\/toldosmarina.com\/index.php\/wp-json\/wp\/v2\/pages\/248\/revisions\/560"}],"wp:attachment":[{"href":"https:\/\/toldosmarina.com\/index.php\/wp-json\/wp\/v2\/media?parent=248"}],"curies":[{"name":"wp","href":"https:\/\/api.w.org\/{rel}","templated":true}]}}