{"id":254,"date":"2018-12-28T18:52:34","date_gmt":"2018-12-28T18:52:34","guid":{"rendered":"http:\/\/toldosmarina.com\/?page_id=254"},"modified":"2019-01-17T18:01:23","modified_gmt":"2019-01-17T18:01:23","slug":"panel-japones","status":"publish","type":"page","link":"https:\/\/toldosmarina.com\/index.php\/panel-japones\/","title":{"rendered":"Panel   Japon\u00e9s"},"content":{"rendered":"\n<figure class=\"wp-block-image\"><img decoding=\"async\" src=\"https:\/\/bandalux.com\/img\/fichas\/Panel-japones-colores.jpg\" alt=\"\"\/><\/figure>\n\n\n\n<p>El panel japon\u00e9s aporta personalidad a tu espacio. Sus infinitas combinaciones lo convierten en un elemento de gran fuerza decorativo.<\/p>\n\n\n\n<h3 class=\"wp-block-heading\">CARACTER\u00cdSTICAS<\/h3>\n\n\n\n<p>Soluciones a medida.<\/p>\n\n\n\n<p>Sujeci\u00f3n de los paneles con velcro.<\/p>\n\n\n\n<p>Sistema de corredera con ruedas.<\/p>\n\n\n\n<p>Combinaci\u00f3n de pa\u00f1os.<\/p>\n\n\n\n<h3 class=\"wp-block-heading\">BENEFICIOS<\/h3>\n\n\n\n<p>Se adaptan a tu hogar.<\/p>\n\n\n\n<p>F\u00e1cil extracci\u00f3n para el lavado.<\/p>\n\n\n\n<p>Preciso y silencioso.<\/p>\n\n\n\n<p>M\u00e1xima personalizaci\u00f3n y gran fuerza decorativa.<\/p>\n\n\n\n<p>Elegancia unida a confort<\/p>\n\n\n\n<p>Para paneles japoneses de grandes dimensiones existe la opci\u00f3n de incorporar el accionamiento a motor. Puedes optar por la sencillez y comodidad del motor Zen, o bien el motor Zenit ya incorporado en las v\u00edas sin necesidad de a\u00f1adir un riel adicional.<\/p>\n","protected":false},"excerpt":{"rendered":"<p>El panel japon\u00e9s aporta personalidad a tu espacio. Sus infinitas combinaciones lo convierten en un elemento de gran fuerza decorativo. CARACTER\u00cdSTICAS Soluciones a medida. Sujeci\u00f3n de los paneles con velcro. Sistema de corredera con ruedas. Combinaci\u00f3n de pa\u00f1os. BENEFICIOS Se adaptan a tu hogar. F\u00e1cil extracci\u00f3n para el lavado. Preciso y silencioso. M\u00e1xima personalizaci\u00f3n y [&hellip;]<\/p>\n","protected":false},"author":4,"featured_media":0,"parent":0,"menu_order":0,"comment_status":"closed","ping_status":"closed","template":"","meta":{"footnotes":""},"class_list":["post-254","page","type-page","status-publish","hentry"],"_links":{"self":[{"href":"https:\/\/toldosmarina.com\/index.php\/wp-json\/wp\/v2\/pages\/254","targetHints":{"allow":["GET"]}}],"collection":[{"href":"https:\/\/toldosmarina.com\/index.php\/wp-json\/wp\/v2\/pages"}],"about":[{"href":"https:\/\/toldosmarina.com\/index.php\/wp-json\/wp\/v2\/types\/page"}],"author":[{"embeddable":true,"href":"https:\/\/toldosmarina.com\/index.php\/wp-json\/wp\/v2\/users\/4"}],"replies":[{"embeddable":true,"href":"https:\/\/toldosmarina.com\/index.php\/wp-json\/wp\/v2\/comments?post=254"}],"version-history":[{"count":3,"href":"https:\/\/toldosmarina.com\/index.php\/wp-json\/wp\/v2\/pages\/254\/revisions"}],"predecessor-version":[{"id":561,"href":"https:\/\/toldosmarina.com\/index.php\/wp-json\/wp\/v2\/pages\/254\/revisions\/561"}],"wp:attachment":[{"href":"https:\/\/toldosmarina.com\/index.php\/wp-json\/wp\/v2\/media?parent=254"}],"curies":[{"name":"wp","href":"https:\/\/api.w.org\/{rel}","templated":true}]}}