{"id":256,"date":"2018-12-28T18:52:45","date_gmt":"2018-12-28T18:52:45","guid":{"rendered":"http:\/\/toldosmarina.com\/?page_id=256"},"modified":"2019-01-16T12:46:15","modified_gmt":"2019-01-16T12:46:15","slug":"venecianas","status":"publish","type":"page","link":"https:\/\/toldosmarina.com\/index.php\/venecianas\/","title":{"rendered":"Venecianas"},"content":{"rendered":"\n<figure class=\"wp-block-image\"><img decoding=\"async\" src=\"https:\/\/bandalux.com\/img\/fichas\/55e95fefac7e6.jpg\" alt=\"\"\/><\/figure>\n\n\n\n<p>L\u00edneas puras y una extensa gama de colores y acabados conforman las cortinas venecianas de aluminio y madera Bandalux, que permiten una perfecta gesti\u00f3n de la luz con una est\u00e9tica moderna y funcional.<\/p>\n\n\n\n<h3 class=\"wp-block-heading\">CARACTER\u00cdSTICAS<\/h3>\n\n\n\n<p>Cortinas venecianas a medida.<\/p>\n\n\n\n<p>Lamas orientables de diferentes anchos.<\/p>\n\n\n\n<p>Amplia gama cr\u00f3matica.<\/p>\n\n\n\n<h3 class=\"wp-block-heading\">BENEFICIOS<\/h3>\n\n\n\n<p>Se adaptan a tu hogar.<\/p>\n\n\n\n<p>Control preciso de la visibilidad exterior y la entrada de luz al interior.<\/p>\n\n\n\n<p>M\u00e1xima precisi\u00f3n de accionamiento incluso para formas irregulares.<\/p>\n\n\n\n<figure class=\"wp-block-image\"><img decoding=\"async\" src=\"https:\/\/bandalux.com\/img\/fichas\/Cortinas-venecianas-madera.jpg\" alt=\"\"\/><\/figure>\n","protected":false},"excerpt":{"rendered":"<p>L\u00edneas puras y una extensa gama de colores y acabados conforman las cortinas venecianas de aluminio y madera Bandalux, que permiten una perfecta gesti\u00f3n de la luz con una est\u00e9tica moderna y funcional. CARACTER\u00cdSTICAS Cortinas venecianas a medida. Lamas orientables de diferentes anchos. Amplia gama cr\u00f3matica. BENEFICIOS Se adaptan a tu hogar. Control preciso de [&hellip;]<\/p>\n","protected":false},"author":4,"featured_media":0,"parent":0,"menu_order":0,"comment_status":"closed","ping_status":"closed","template":"","meta":{"footnotes":""},"class_list":["post-256","page","type-page","status-publish","hentry"],"_links":{"self":[{"href":"https:\/\/toldosmarina.com\/index.php\/wp-json\/wp\/v2\/pages\/256","targetHints":{"allow":["GET"]}}],"collection":[{"href":"https:\/\/toldosmarina.com\/index.php\/wp-json\/wp\/v2\/pages"}],"about":[{"href":"https:\/\/toldosmarina.com\/index.php\/wp-json\/wp\/v2\/types\/page"}],"author":[{"embeddable":true,"href":"https:\/\/toldosmarina.com\/index.php\/wp-json\/wp\/v2\/users\/4"}],"replies":[{"embeddable":true,"href":"https:\/\/toldosmarina.com\/index.php\/wp-json\/wp\/v2\/comments?post=256"}],"version-history":[{"count":2,"href":"https:\/\/toldosmarina.com\/index.php\/wp-json\/wp\/v2\/pages\/256\/revisions"}],"predecessor-version":[{"id":537,"href":"https:\/\/toldosmarina.com\/index.php\/wp-json\/wp\/v2\/pages\/256\/revisions\/537"}],"wp:attachment":[{"href":"https:\/\/toldosmarina.com\/index.php\/wp-json\/wp\/v2\/media?parent=256"}],"curies":[{"name":"wp","href":"https:\/\/api.w.org\/{rel}","templated":true}]}}