{"id":260,"date":"2018-12-28T18:53:08","date_gmt":"2018-12-28T18:53:08","guid":{"rendered":"http:\/\/toldosmarina.com\/?page_id=260"},"modified":"2019-01-17T18:02:15","modified_gmt":"2019-01-17T18:02:15","slug":"plegables","status":"publish","type":"page","link":"https:\/\/toldosmarina.com\/index.php\/plegables\/","title":{"rendered":"Plegables"},"content":{"rendered":"\n<figure class=\"wp-block-image\"><img decoding=\"async\" src=\"https:\/\/bandalux.com\/img\/fichas\/568280403cfb5.jpg\" alt=\"\"\/><\/figure>\n\n\n\n<p>El estor plegable abarca un amplio abanico de estilos decorativos. Desde los cl\u00e1sicos Pacchetto y Classic, hasta los m\u00e1s sofisticados y originales Soft, Bar y Romana.<\/p>\n\n\n\n<h3 class=\"wp-block-heading\">CARACTER\u00cdSTICAS<\/h3>\n\n\n\n<p>Cortinas a medida.<\/p>\n\n\n\n<p>Opci\u00f3n de instalaci\u00f3n marco ventana.<\/p>\n\n\n\n<p>Sujeci\u00f3n del tejido mediante velcro.<\/p>\n\n\n\n<p>Amplia gama textil.<\/p>\n\n\n\n<h3 class=\"wp-block-heading\">BENEFICIOS<\/h3>\n\n\n\n<p>Se adaptan a tu hogar.<\/p>\n\n\n\n<p>Permite abrir la ventana sin necesidad de recoger el estor.<\/p>\n\n\n\n<p>F\u00e1cil limpieza y mantenimiento.<\/p>\n\n\n\n<p>M\u00e1s de 130 tejidos decorativos y t\u00e9cnicos.<\/p>\n","protected":false},"excerpt":{"rendered":"<p>El estor plegable abarca un amplio abanico de estilos decorativos. Desde los cl\u00e1sicos Pacchetto y Classic, hasta los m\u00e1s sofisticados y originales Soft, Bar y Romana. CARACTER\u00cdSTICAS Cortinas a medida. Opci\u00f3n de instalaci\u00f3n marco ventana. Sujeci\u00f3n del tejido mediante velcro. Amplia gama textil. BENEFICIOS Se adaptan a tu hogar. Permite abrir la ventana sin necesidad [&hellip;]<\/p>\n","protected":false},"author":4,"featured_media":0,"parent":0,"menu_order":0,"comment_status":"closed","ping_status":"closed","template":"","meta":{"footnotes":""},"class_list":["post-260","page","type-page","status-publish","hentry"],"_links":{"self":[{"href":"https:\/\/toldosmarina.com\/index.php\/wp-json\/wp\/v2\/pages\/260","targetHints":{"allow":["GET"]}}],"collection":[{"href":"https:\/\/toldosmarina.com\/index.php\/wp-json\/wp\/v2\/pages"}],"about":[{"href":"https:\/\/toldosmarina.com\/index.php\/wp-json\/wp\/v2\/types\/page"}],"author":[{"embeddable":true,"href":"https:\/\/toldosmarina.com\/index.php\/wp-json\/wp\/v2\/users\/4"}],"replies":[{"embeddable":true,"href":"https:\/\/toldosmarina.com\/index.php\/wp-json\/wp\/v2\/comments?post=260"}],"version-history":[{"count":3,"href":"https:\/\/toldosmarina.com\/index.php\/wp-json\/wp\/v2\/pages\/260\/revisions"}],"predecessor-version":[{"id":563,"href":"https:\/\/toldosmarina.com\/index.php\/wp-json\/wp\/v2\/pages\/260\/revisions\/563"}],"wp:attachment":[{"href":"https:\/\/toldosmarina.com\/index.php\/wp-json\/wp\/v2\/media?parent=260"}],"curies":[{"name":"wp","href":"https:\/\/api.w.org\/{rel}","templated":true}]}}