{"id":262,"date":"2018-12-28T18:53:23","date_gmt":"2018-12-28T18:53:23","guid":{"rendered":"http:\/\/toldosmarina.com\/?page_id=262"},"modified":"2019-01-15T19:02:30","modified_gmt":"2019-01-15T19:02:30","slug":"mosquiteras","status":"publish","type":"page","link":"https:\/\/toldosmarina.com\/index.php\/mosquiteras\/","title":{"rendered":"Mosquiteras"},"content":{"rendered":"\n<figure class=\"wp-block-image\"><img decoding=\"async\" src=\"https:\/\/bandalux.com\/img\/fichas\/5682808140bce.jpg\" alt=\"\"\/><\/figure>\n\n\n\n<p>El tejido gris en forma de malla de la mosquitera ofrece un grado de apertura \u00f3ptimo para una buena visibilidad al exterior, adaptable a puertas y ventanas.<\/p>\n\n\n\n<h3 class=\"wp-block-heading\">CARACTER\u00cdSTICAS<\/h3>\n\n\n\n<p>Soluciones a medida.<\/p>\n\n\n\n<p>Grado de apertura \u00f3ptimo del tejido en forma de malla.<\/p>\n\n\n\n<p>Gu\u00edas antiviento.<\/p>\n\n\n\n<p>Perfiler\u00eda de alta calidad<\/p>\n\n\n\n<h3 class=\"wp-block-heading\">BENEFICIOS<\/h3>\n\n\n\n<p>Se adaptan a tu hogar.<\/p>\n\n\n\n<p>Gran visibilidad al exterior.<\/p>\n\n\n\n<p>Evita que el tejido salga de la v\u00eda por la acci\u00f3n del viento.<\/p>\n\n\n\n<p>Gran durabilidad en el exterior.<\/p>\n","protected":false},"excerpt":{"rendered":"<p>El tejido gris en forma de malla de la mosquitera ofrece un grado de apertura \u00f3ptimo para una buena visibilidad al exterior, adaptable a puertas y ventanas. CARACTER\u00cdSTICAS Soluciones a medida. Grado de apertura \u00f3ptimo del tejido en forma de malla. Gu\u00edas antiviento. Perfiler\u00eda de alta calidad BENEFICIOS Se adaptan a tu hogar. Gran visibilidad [&hellip;]<\/p>\n","protected":false},"author":4,"featured_media":0,"parent":0,"menu_order":0,"comment_status":"closed","ping_status":"closed","template":"","meta":{"footnotes":""},"class_list":["post-262","page","type-page","status-publish","hentry"],"_links":{"self":[{"href":"https:\/\/toldosmarina.com\/index.php\/wp-json\/wp\/v2\/pages\/262","targetHints":{"allow":["GET"]}}],"collection":[{"href":"https:\/\/toldosmarina.com\/index.php\/wp-json\/wp\/v2\/pages"}],"about":[{"href":"https:\/\/toldosmarina.com\/index.php\/wp-json\/wp\/v2\/types\/page"}],"author":[{"embeddable":true,"href":"https:\/\/toldosmarina.com\/index.php\/wp-json\/wp\/v2\/users\/4"}],"replies":[{"embeddable":true,"href":"https:\/\/toldosmarina.com\/index.php\/wp-json\/wp\/v2\/comments?post=262"}],"version-history":[{"count":3,"href":"https:\/\/toldosmarina.com\/index.php\/wp-json\/wp\/v2\/pages\/262\/revisions"}],"predecessor-version":[{"id":520,"href":"https:\/\/toldosmarina.com\/index.php\/wp-json\/wp\/v2\/pages\/262\/revisions\/520"}],"wp:attachment":[{"href":"https:\/\/toldosmarina.com\/index.php\/wp-json\/wp\/v2\/media?parent=262"}],"curies":[{"name":"wp","href":"https:\/\/api.w.org\/{rel}","templated":true}]}}