{"id":31,"date":"2018-08-28T09:35:16","date_gmt":"2018-08-28T09:35:16","guid":{"rendered":"http:\/\/toldosmarina.com\/?page_id=31"},"modified":"2019-01-14T18:39:51","modified_gmt":"2019-01-14T18:39:51","slug":"cobertores-de-piscinas","status":"publish","type":"page","link":"https:\/\/toldosmarina.com\/index.php\/cobertores-de-piscinas\/","title":{"rendered":"Cobertores de Piscinas"},"content":{"rendered":"\n<figure class=\"wp-block-image\"><img loading=\"lazy\" decoding=\"async\" width=\"1024\" height=\"768\" src=\"http:\/\/toldosmarina.com\/wp-content\/uploads\/2019\/01\/P1000931-1024x768.jpg\" alt=\"\" class=\"wp-image-357\" srcset=\"https:\/\/toldosmarina.com\/wp-content\/uploads\/2019\/01\/P1000931-1024x768.jpg 1024w, https:\/\/toldosmarina.com\/wp-content\/uploads\/2019\/01\/P1000931-300x225.jpg 300w, https:\/\/toldosmarina.com\/wp-content\/uploads\/2019\/01\/P1000931-768x576.jpg 768w\" sizes=\"auto, (max-width: 1024px) 100vw, 1024px\" \/><figcaption><br><\/figcaption><\/figure>\n\n\n\n<p>Desde 1990 fabricamos&nbsp;e instalamos&nbsp;cobertores&nbsp;para piscinas, mantas t\u00e9rmicas , mallas anti-hojas , enrolladores, etc.&nbsp;con instalaciones realizadas en toda la provincia.<br>Nuestro equipo t\u00e9cnico y comercial esta avalado por una larga trayectoria en la fabricaci\u00f3n, distribuci\u00f3n y montaje.<br>Utilizamos los mejores materiales certificados por los organismos oficiales autorizados para conseguir ofrecerle la mejor calidad, seguridad y confort en su piscina<\/p>\n\n\n\n<p>Ventajas de las cubiertas de lona para piscina:<\/p>\n\n\n\n<ul class=\"wp-block-list\"><li><strong>Seguridad<\/strong>: evite que personas o animales caigan por accidente al interior de la piscina.<\/li><li><strong>Limpieza<\/strong>: su piscina acumular\u00e1 menos suciedad y se alargar\u00e1 la vida de utilizaci\u00f3n del agua.<\/li><li><strong>Ahorro<\/strong>: La utilizaci\u00f3n de la cubierta reducir\u00e1 gasto en productos de mantenimiento.<\/li><\/ul>\n\n\n\n<figure class=\"wp-block-image\"><img loading=\"lazy\" decoding=\"async\" width=\"1024\" height=\"768\" src=\"http:\/\/toldosmarina.com\/wp-content\/uploads\/2019\/01\/IMG_20171006_131724-1024x768.jpg\" alt=\"\" class=\"wp-image-358\" srcset=\"https:\/\/toldosmarina.com\/wp-content\/uploads\/2019\/01\/IMG_20171006_131724-1024x768.jpg 1024w, https:\/\/toldosmarina.com\/wp-content\/uploads\/2019\/01\/IMG_20171006_131724-300x225.jpg 300w, https:\/\/toldosmarina.com\/wp-content\/uploads\/2019\/01\/IMG_20171006_131724-768x576.jpg 768w\" sizes=\"auto, (max-width: 1024px) 100vw, 1024px\" \/><\/figure>\n\n\n\n<figure class=\"wp-block-image\"><img loading=\"lazy\" decoding=\"async\" width=\"982\" height=\"1024\" src=\"http:\/\/toldosmarina.com\/wp-content\/uploads\/2019\/01\/IMG_20180928_185821-1-982x1024.jpg\" alt=\"\" class=\"wp-image-457\" srcset=\"https:\/\/toldosmarina.com\/wp-content\/uploads\/2019\/01\/IMG_20180928_185821-1-982x1024.jpg 982w, https:\/\/toldosmarina.com\/wp-content\/uploads\/2019\/01\/IMG_20180928_185821-1-288x300.jpg 288w, https:\/\/toldosmarina.com\/wp-content\/uploads\/2019\/01\/IMG_20180928_185821-1-768x801.jpg 768w\" sizes=\"auto, (max-width: 982px) 100vw, 982px\" \/><\/figure>\n","protected":false},"excerpt":{"rendered":"<p>Desde 1990 fabricamos&nbsp;e instalamos&nbsp;cobertores&nbsp;para piscinas, mantas t\u00e9rmicas , mallas anti-hojas , enrolladores, etc.&nbsp;con instalaciones realizadas en toda la provincia.Nuestro equipo t\u00e9cnico y comercial esta avalado por una larga trayectoria en la fabricaci\u00f3n, distribuci\u00f3n y montaje.Utilizamos los mejores materiales certificados por los organismos oficiales autorizados para conseguir ofrecerle la mejor calidad, seguridad y confort en su [&hellip;]<\/p>\n","protected":false},"author":4,"featured_media":0,"parent":0,"menu_order":0,"comment_status":"closed","ping_status":"closed","template":"","meta":{"footnotes":""},"class_list":["post-31","page","type-page","status-publish","hentry"],"_links":{"self":[{"href":"https:\/\/toldosmarina.com\/index.php\/wp-json\/wp\/v2\/pages\/31","targetHints":{"allow":["GET"]}}],"collection":[{"href":"https:\/\/toldosmarina.com\/index.php\/wp-json\/wp\/v2\/pages"}],"about":[{"href":"https:\/\/toldosmarina.com\/index.php\/wp-json\/wp\/v2\/types\/page"}],"author":[{"embeddable":true,"href":"https:\/\/toldosmarina.com\/index.php\/wp-json\/wp\/v2\/users\/4"}],"replies":[{"embeddable":true,"href":"https:\/\/toldosmarina.com\/index.php\/wp-json\/wp\/v2\/comments?post=31"}],"version-history":[{"count":8,"href":"https:\/\/toldosmarina.com\/index.php\/wp-json\/wp\/v2\/pages\/31\/revisions"}],"predecessor-version":[{"id":458,"href":"https:\/\/toldosmarina.com\/index.php\/wp-json\/wp\/v2\/pages\/31\/revisions\/458"}],"wp:attachment":[{"href":"https:\/\/toldosmarina.com\/index.php\/wp-json\/wp\/v2\/media?parent=31"}],"curies":[{"name":"wp","href":"https:\/\/api.w.org\/{rel}","templated":true}]}}