{"id":40,"date":"2018-08-28T10:02:14","date_gmt":"2018-08-28T10:02:14","guid":{"rendered":"http:\/\/toldosmarina.com\/?page_id=40"},"modified":"2019-01-16T12:52:12","modified_gmt":"2019-01-16T12:52:12","slug":"velas-tensadas","status":"publish","type":"page","link":"https:\/\/toldosmarina.com\/index.php\/velas-tensadas\/","title":{"rendered":"Velas Tensadas"},"content":{"rendered":"\n<figure class=\"wp-block-image\"><img loading=\"lazy\" decoding=\"async\" width=\"1024\" height=\"768\" src=\"http:\/\/toldosmarina.com\/wp-content\/uploads\/2019\/01\/P1010359-1-1024x768.jpg\" alt=\"\" class=\"wp-image-329\" srcset=\"https:\/\/toldosmarina.com\/wp-content\/uploads\/2019\/01\/P1010359-1-1024x768.jpg 1024w, https:\/\/toldosmarina.com\/wp-content\/uploads\/2019\/01\/P1010359-1-300x225.jpg 300w, https:\/\/toldosmarina.com\/wp-content\/uploads\/2019\/01\/P1010359-1-768x576.jpg 768w\" sizes=\"auto, (max-width: 1024px) 100vw, 1024px\" \/><figcaption><br><br><br><\/figcaption><\/figure>\n\n\n\n<p>LA TENSOESTRUCTURA ES UN SISTEMA DE CONSTRUCCI\u00d3N BASADO EN ESTRUCTURAS LIGERAS, USADAS B\u00c1SICAMENTE COMO COBERTURAS, CON LAS QUE PODEMOS CREAR FORMAS ARQUITECT\u00d3NICAS A PARTIR DE MEMBRANAS TENSADAS. ESTAS ESTRUCTURAS LOGRAN UNA GRAN ESTABILIDAD COMBINANDO Y EQUILIBRANDO LA FUERZA DE ELEMENTOS R\u00cdGIDOS (POSTES, ARCOS, ETC.) CON LA VERSATILIDAD Y ADAPTABILIDAD DE ELEMENTOS FLEXIBLES (LONAS Y CABLES). ES UN TIPO DE SOLUCI\u00d3N DE PROTECCI\u00d3N SOLAR MUY SINGULAR, CON LA POSIBILIDAD DE DISE\u00d1AR INFINITAS FORMAS. <\/p>\n\n\n\n<p><\/p>\n\n\n\n<p><\/p>\n\n\n\n<figure class=\"wp-block-image\"><img loading=\"lazy\" decoding=\"async\" width=\"1024\" height=\"768\" src=\"http:\/\/toldosmarina.com\/wp-content\/uploads\/2019\/01\/P1010378-1024x768.jpg\" alt=\"\" class=\"wp-image-330\" srcset=\"https:\/\/toldosmarina.com\/wp-content\/uploads\/2019\/01\/P1010378-1024x768.jpg 1024w, https:\/\/toldosmarina.com\/wp-content\/uploads\/2019\/01\/P1010378-300x225.jpg 300w, https:\/\/toldosmarina.com\/wp-content\/uploads\/2019\/01\/P1010378-768x576.jpg 768w\" sizes=\"auto, (max-width: 1024px) 100vw, 1024px\" \/><\/figure>\n\n\n\n<figure class=\"wp-block-image\"><img loading=\"lazy\" decoding=\"async\" width=\"1024\" height=\"768\" src=\"http:\/\/toldosmarina.com\/wp-content\/uploads\/2019\/01\/P1010355-1024x768.jpg\" alt=\"\" class=\"wp-image-543\" srcset=\"https:\/\/toldosmarina.com\/wp-content\/uploads\/2019\/01\/P1010355-1024x768.jpg 1024w, https:\/\/toldosmarina.com\/wp-content\/uploads\/2019\/01\/P1010355-300x225.jpg 300w, https:\/\/toldosmarina.com\/wp-content\/uploads\/2019\/01\/P1010355-768x576.jpg 768w\" sizes=\"auto, (max-width: 1024px) 100vw, 1024px\" \/><\/figure>\n","protected":false},"excerpt":{"rendered":"<p>LA TENSOESTRUCTURA ES UN SISTEMA DE CONSTRUCCI\u00d3N BASADO EN ESTRUCTURAS LIGERAS, USADAS B\u00c1SICAMENTE COMO COBERTURAS, CON LAS QUE PODEMOS CREAR FORMAS ARQUITECT\u00d3NICAS A PARTIR DE MEMBRANAS TENSADAS. ESTAS ESTRUCTURAS LOGRAN UNA GRAN ESTABILIDAD COMBINANDO Y EQUILIBRANDO LA FUERZA DE ELEMENTOS R\u00cdGIDOS (POSTES, ARCOS, ETC.) CON LA VERSATILIDAD Y ADAPTABILIDAD DE ELEMENTOS FLEXIBLES (LONAS Y CABLES). [&hellip;]<\/p>\n","protected":false},"author":4,"featured_media":0,"parent":0,"menu_order":0,"comment_status":"closed","ping_status":"closed","template":"","meta":{"footnotes":""},"class_list":["post-40","page","type-page","status-publish","hentry"],"_links":{"self":[{"href":"https:\/\/toldosmarina.com\/index.php\/wp-json\/wp\/v2\/pages\/40","targetHints":{"allow":["GET"]}}],"collection":[{"href":"https:\/\/toldosmarina.com\/index.php\/wp-json\/wp\/v2\/pages"}],"about":[{"href":"https:\/\/toldosmarina.com\/index.php\/wp-json\/wp\/v2\/types\/page"}],"author":[{"embeddable":true,"href":"https:\/\/toldosmarina.com\/index.php\/wp-json\/wp\/v2\/users\/4"}],"replies":[{"embeddable":true,"href":"https:\/\/toldosmarina.com\/index.php\/wp-json\/wp\/v2\/comments?post=40"}],"version-history":[{"count":7,"href":"https:\/\/toldosmarina.com\/index.php\/wp-json\/wp\/v2\/pages\/40\/revisions"}],"predecessor-version":[{"id":544,"href":"https:\/\/toldosmarina.com\/index.php\/wp-json\/wp\/v2\/pages\/40\/revisions\/544"}],"wp:attachment":[{"href":"https:\/\/toldosmarina.com\/index.php\/wp-json\/wp\/v2\/media?parent=40"}],"curies":[{"name":"wp","href":"https:\/\/api.w.org\/{rel}","templated":true}]}}