{"id":46,"date":"2018-08-28T10:07:28","date_gmt":"2018-08-28T10:07:28","guid":{"rendered":"http:\/\/toldosmarina.com\/?page_id=46"},"modified":"2019-01-09T18:28:51","modified_gmt":"2019-01-09T18:28:51","slug":"tuneles-plegables","status":"publish","type":"page","link":"https:\/\/toldosmarina.com\/index.php\/tuneles-plegables\/","title":{"rendered":"T\u00faneles Plegables"},"content":{"rendered":"\n<figure class=\"wp-block-image\"><img loading=\"lazy\" decoding=\"async\" width=\"1024\" height=\"768\" src=\"http:\/\/toldosmarina.com\/wp-content\/uploads\/2019\/01\/P1000642-1024x768.jpg\" alt=\"\" class=\"wp-image-349\" srcset=\"https:\/\/toldosmarina.com\/wp-content\/uploads\/2019\/01\/P1000642-1024x768.jpg 1024w, https:\/\/toldosmarina.com\/wp-content\/uploads\/2019\/01\/P1000642-300x225.jpg 300w, https:\/\/toldosmarina.com\/wp-content\/uploads\/2019\/01\/P1000642-768x576.jpg 768w\" sizes=\"auto, (max-width: 1024px) 100vw, 1024px\" \/><figcaption><br><br><br><\/figcaption><\/figure>\n\n\n\n<p>Es un producto \u00fatil y sencillo por eso es muy importante que cumpla con las m\u00e1ximas exigencias de calidad para que, ademas de duradero, sea rentable. La empresa TOLDOS MARINA, con mas de 40 a\u00f1os de experiencia en fabricar e instalar coberturas textiles, cuenta con los mejores t\u00faneles plegables del mercado sea cual sea el modelo que se necesite y adaptables a todos los presupuestos.<\/p>\n\n\n\n<p>El tunel plegable suele formar parte de instalaciones deportivas como estadios de futbol, canchas de baloncesto y piscinas; es muy comun como elemento de uso militar y, sobre todo, en las salidas de emergencia, pero su dise\u00f1o es capaz de adaptarse a muchas otras situaciones.<\/p>\n\n\n\n<p>Podemos encontrar t\u00faneles plegables en muelles de carga,utilizarlos como cobertizos de almacenamiento, en garajes, para la protecci\u00f3n de veh\u00edculos a la intemperie, en hoteles, restaurantes e, incluso, para bodas u otros eventos en los que hay cambios de ubicaci\u00f3n a trav\u00e9s de zonas de paso descubiertas.<\/p>\n\n\n\n<p><\/p>\n\n\n\n<p><\/p>\n\n\n\n<figure class=\"wp-block-image\"><img loading=\"lazy\" decoding=\"async\" width=\"1024\" height=\"768\" src=\"http:\/\/toldosmarina.com\/wp-content\/uploads\/2019\/01\/P1000705-1024x768.jpg\" alt=\"\" class=\"wp-image-350\" srcset=\"https:\/\/toldosmarina.com\/wp-content\/uploads\/2019\/01\/P1000705-1024x768.jpg 1024w, https:\/\/toldosmarina.com\/wp-content\/uploads\/2019\/01\/P1000705-300x225.jpg 300w, https:\/\/toldosmarina.com\/wp-content\/uploads\/2019\/01\/P1000705-768x576.jpg 768w\" sizes=\"auto, (max-width: 1024px) 100vw, 1024px\" \/><\/figure>\n\n\n\n<p><\/p>\n","protected":false},"excerpt":{"rendered":"<p>Es un producto \u00fatil y sencillo por eso es muy importante que cumpla con las m\u00e1ximas exigencias de calidad para que, ademas de duradero, sea rentable. La empresa TOLDOS MARINA, con mas de 40 a\u00f1os de experiencia en fabricar e instalar coberturas textiles, cuenta con los mejores t\u00faneles plegables del mercado sea cual sea el [&hellip;]<\/p>\n","protected":false},"author":4,"featured_media":0,"parent":0,"menu_order":0,"comment_status":"closed","ping_status":"closed","template":"","meta":{"footnotes":""},"class_list":["post-46","page","type-page","status-publish","hentry"],"_links":{"self":[{"href":"https:\/\/toldosmarina.com\/index.php\/wp-json\/wp\/v2\/pages\/46","targetHints":{"allow":["GET"]}}],"collection":[{"href":"https:\/\/toldosmarina.com\/index.php\/wp-json\/wp\/v2\/pages"}],"about":[{"href":"https:\/\/toldosmarina.com\/index.php\/wp-json\/wp\/v2\/types\/page"}],"author":[{"embeddable":true,"href":"https:\/\/toldosmarina.com\/index.php\/wp-json\/wp\/v2\/users\/4"}],"replies":[{"embeddable":true,"href":"https:\/\/toldosmarina.com\/index.php\/wp-json\/wp\/v2\/comments?post=46"}],"version-history":[{"count":5,"href":"https:\/\/toldosmarina.com\/index.php\/wp-json\/wp\/v2\/pages\/46\/revisions"}],"predecessor-version":[{"id":378,"href":"https:\/\/toldosmarina.com\/index.php\/wp-json\/wp\/v2\/pages\/46\/revisions\/378"}],"wp:attachment":[{"href":"https:\/\/toldosmarina.com\/index.php\/wp-json\/wp\/v2\/media?parent=46"}],"curies":[{"name":"wp","href":"https:\/\/api.w.org\/{rel}","templated":true}]}}