{"id":9,"date":"2018-08-28T08:51:13","date_gmt":"2018-08-28T08:51:13","guid":{"rendered":"http:\/\/toldosmarina.com\/?page_id=9"},"modified":"2019-01-03T18:12:42","modified_gmt":"2019-01-03T18:12:42","slug":"inicio","status":"publish","type":"page","link":"https:\/\/toldosmarina.com\/","title":{"rendered":"Inicio"},"content":{"rendered":"<p style=\"text-align: center;\"><div id=\"metaslider-id-55\" style=\"max-width: 1400px;\" class=\"ml-slider-3-101-0 metaslider metaslider-flex metaslider-55 ml-slider has-dots-nav ms-theme-default\" role=\"region\" aria-label=\"Nueva presentaci\u00f3n de diapositivas\" data-height=\"600\" data-width=\"1400\">\n    <div id=\"metaslider_container_55\">\n        <div id=\"metaslider_55\">\n            <ul class='slides'>\n                <li style=\"display: block; width: 100%;\" class=\"slide-228 ms-image \" aria-roledescription=\"slide\" data-date=\"2018-12-28 18:36:10\"><img loading=\"lazy\" decoding=\"async\" src=\"https:\/\/toldosmarina.com\/wp-content\/uploads\/2018\/12\/terraza-750x321.jpg\" height=\"600\" width=\"1400\" alt=\"\" class=\"slider-55 slide-228 msDefaultImage\" title=\"terraza\" \/><\/li>\n                <li style=\"display: none; width: 100%;\" class=\"slide-217 ms-image \" aria-roledescription=\"slide\" data-date=\"2018-12-28 18:28:05\"><img loading=\"lazy\" decoding=\"async\" src=\"https:\/\/toldosmarina.com\/wp-content\/uploads\/2018\/12\/2-1400x600.jpg\" height=\"600\" width=\"1400\" alt=\"\" class=\"slider-55 slide-217 msDefaultImage\" title=\"2\" \/><\/li>\n                <li style=\"display: none; width: 100%;\" class=\"slide-218 ms-image \" aria-roledescription=\"slide\" data-date=\"2018-12-28 18:28:05\"><img loading=\"lazy\" decoding=\"async\" src=\"https:\/\/toldosmarina.com\/wp-content\/uploads\/2018\/12\/3-1400x600.jpg\" height=\"600\" width=\"1400\" alt=\"\" class=\"slider-55 slide-218 msDefaultImage\" title=\"3\" \/><\/li>\n                <li style=\"display: none; width: 100%;\" class=\"slide-220 ms-image \" aria-roledescription=\"slide\" data-date=\"2018-12-28 18:28:05\"><img loading=\"lazy\" decoding=\"async\" src=\"https:\/\/toldosmarina.com\/wp-content\/uploads\/2018\/12\/5-1400x600.jpg\" height=\"600\" width=\"1400\" alt=\"\" class=\"slider-55 slide-220 msDefaultImage\" title=\"5\" \/><\/li>\n                <li style=\"display: none; width: 100%;\" class=\"slide-219 ms-image \" aria-roledescription=\"slide\" data-date=\"2018-12-28 18:28:05\"><img loading=\"lazy\" decoding=\"async\" src=\"https:\/\/toldosmarina.com\/wp-content\/uploads\/2018\/12\/4-1400x600.jpg\" height=\"600\" width=\"1400\" alt=\"\" class=\"slider-55 slide-219 msDefaultImage\" title=\"4\" \/><\/li>\n                <li style=\"display: none; width: 100%;\" class=\"slide-221 ms-image \" aria-roledescription=\"slide\" data-date=\"2018-12-28 18:28:05\"><img loading=\"lazy\" decoding=\"async\" src=\"https:\/\/toldosmarina.com\/wp-content\/uploads\/2018\/12\/6-1400x600.jpg\" height=\"600\" width=\"1400\" alt=\"\" class=\"slider-55 slide-221 msDefaultImage\" title=\"6\" \/><\/li>\n                <li style=\"display: none; width: 100%;\" class=\"slide-590 ms-image \" aria-roledescription=\"slide\" data-date=\"2019-01-31 16:46:26\"><img loading=\"lazy\" decoding=\"async\" src=\"https:\/\/toldosmarina.com\/wp-content\/uploads\/2019\/01\/P1000514-1400x600.jpg\" height=\"600\" width=\"1400\" alt=\"\" class=\"slider-55 slide-590 msDefaultImage\" title=\"P1000514\" \/><\/li>\n                <li style=\"display: none; width: 100%;\" class=\"slide-587 ms-image \" aria-roledescription=\"slide\" data-date=\"2019-01-31 16:40:49\"><img loading=\"lazy\" decoding=\"async\" src=\"https:\/\/toldosmarina.com\/wp-content\/uploads\/2019\/01\/DSCN0474-1400x600.jpg\" height=\"600\" width=\"1400\" alt=\"\" class=\"slider-55 slide-587 msDefaultImage\" title=\"DSCN0474\" \/><\/li>\n            <\/ul>\n        <\/div>\n        \n    <\/div>\n<\/div><\/p>\n<p>La imparable evoluci\u00f3n del mercado de la protecci\u00f3n solar y su creciente demanda han favorecido que <strong>Toldos Marina<\/strong> ofrezca un extenso cat\u00e1logo de productos, entre los que se encuentran todo tipo de toldos, cortinas, lonas para cami\u00f3n y remolque , cubiertas de piscina, carpas plegables \u00a0etc.<\/p>\n<p>Todo esto avalado por la experiencia de m\u00e1s de 48 a\u00f1os en el sector.<\/p>\n<p>La apuesta por la calidad, un fuerte compromiso con nuestros clientes y un servicio \u00e1gil y eficiente, es lo que ha conducido a que a d\u00eda de hoy <strong>Toldos Marina<\/strong> sea una de las empresas punteras del sector de la protecci\u00f3n solar a nivel provincial.<\/p>\n<p>En <strong>Toldos Marina<\/strong> hemos apostado por la modernizaci\u00f3n de nuestros recursos y m\u00e9todos de trabajo. En la actualidad disponemos de una nave de m\u00e1s de 500 metros cuadrados, dotada de los medios t\u00e9cnicos m\u00e1s avanzados y una exposici\u00f3n en continua renovaci\u00f3n, adem\u00e1s de personal experimentado y altamente cualificado.<\/p>\n<p>Distribuidores oficiales de :<\/p>\n<p style=\"text-align: center;\"><img loading=\"lazy\" decoding=\"async\" class=\"alignnone  wp-image-237\" src=\"http:\/\/toldosmarina.com\/wp-content\/uploads\/2018\/12\/distribuidores-300x56.jpg\" alt=\"\" width=\"547\" height=\"102\" srcset=\"https:\/\/toldosmarina.com\/wp-content\/uploads\/2018\/12\/distribuidores-300x56.jpg 300w, https:\/\/toldosmarina.com\/wp-content\/uploads\/2018\/12\/distribuidores.jpg 545w\" sizes=\"auto, (max-width: 547px) 100vw, 547px\" \/><\/p>\n","protected":false},"excerpt":{"rendered":"<p>La imparable evoluci\u00f3n del mercado de la protecci\u00f3n solar y su creciente demanda han favorecido que Toldos Marina ofrezca un extenso cat\u00e1logo de productos, entre los que se encuentran todo tipo de toldos, cortinas, lonas para cami\u00f3n y remolque , cubiertas de piscina, carpas plegables \u00a0etc. Todo esto avalado por la experiencia de m\u00e1s de [&hellip;]<\/p>\n","protected":false},"author":4,"featured_media":0,"parent":0,"menu_order":0,"comment_status":"closed","ping_status":"closed","template":"","meta":{"footnotes":""},"class_list":["post-9","page","type-page","status-publish","hentry"],"_links":{"self":[{"href":"https:\/\/toldosmarina.com\/index.php\/wp-json\/wp\/v2\/pages\/9","targetHints":{"allow":["GET"]}}],"collection":[{"href":"https:\/\/toldosmarina.com\/index.php\/wp-json\/wp\/v2\/pages"}],"about":[{"href":"https:\/\/toldosmarina.com\/index.php\/wp-json\/wp\/v2\/types\/page"}],"author":[{"embeddable":true,"href":"https:\/\/toldosmarina.com\/index.php\/wp-json\/wp\/v2\/users\/4"}],"replies":[{"embeddable":true,"href":"https:\/\/toldosmarina.com\/index.php\/wp-json\/wp\/v2\/comments?post=9"}],"version-history":[{"count":11,"href":"https:\/\/toldosmarina.com\/index.php\/wp-json\/wp\/v2\/pages\/9\/revisions"}],"predecessor-version":[{"id":593,"href":"https:\/\/toldosmarina.com\/index.php\/wp-json\/wp\/v2\/pages\/9\/revisions\/593"}],"wp:attachment":[{"href":"https:\/\/toldosmarina.com\/index.php\/wp-json\/wp\/v2\/media?parent=9"}],"curies":[{"name":"wp","href":"https:\/\/api.w.org\/{rel}","templated":true}]}}